{"id":43096,"date":"2022-04-06T06:39:23","date_gmt":"2022-04-06T04:39:23","guid":{"rendered":"https:\/\/www.staging.afanoc.org\/som-transparents\/"},"modified":"2026-03-05T12:06:36","modified_gmt":"2026-03-05T10:06:36","slug":"somos-transparentes","status":"publish","type":"page","link":"https:\/\/www.staging.afanoc.org\/es\/somos-transparentes\/","title":{"rendered":"Somos Transparentes"},"content":{"rendered":"\t\t<div data-elementor-type=\"wp-page\" data-elementor-id=\"43096\" class=\"elementor elementor-43096 elementor-1468\" data-elementor-post-type=\"page\">\n\t\t\t\t<div class=\"elementor-element elementor-element-cd30ea5 e-flex e-con-boxed e-con e-parent\" data-id=\"cd30ea5\" data-element_type=\"container\" data-e-type=\"container\" data-settings=\"{&quot;background_background&quot;:&quot;classic&quot;}\">\n\t\t\t\t\t<div class=\"e-con-inner\">\n\t\t<div class=\"elementor-element elementor-element-bf2519a e-con-full e-flex e-con e-child\" data-id=\"bf2519a\" data-element_type=\"container\" data-e-type=\"container\">\n\t\t\t\t<\/div>\n\t\t\t\t\t<\/div>\n\t\t\t\t<\/div>\n\t\t\t\t<section class=\"elementor-section elementor-top-section elementor-element elementor-element-6bc590cb elementor-section-boxed elementor-section-height-default elementor-section-height-default\" data-id=\"6bc590cb\" data-element_type=\"section\" data-e-type=\"section\">\n\t\t\t\t\t\t<div class=\"elementor-container elementor-column-gap-default\">\n\t\t\t\t\t<div class=\"elementor-column elementor-col-100 elementor-top-column elementor-element elementor-element-2a48a1ee\" data-id=\"2a48a1ee\" data-element_type=\"column\" data-e-type=\"column\">\n\t\t\t<div class=\"elementor-widget-wrap elementor-element-populated\">\n\t\t\t\t\t\t<div class=\"elementor-element elementor-element-1afb9820 elementor-widget elementor-widget-woocommerce-breadcrumb\" data-id=\"1afb9820\" data-element_type=\"widget\" data-e-type=\"widget\" data-widget_type=\"woocommerce-breadcrumb.default\">\n\t\t\t\t<div class=\"elementor-widget-container\">\n\t\t\t\t\t<nav class=\"woocommerce-breadcrumb\" aria-label=\"Breadcrumb\">Inicio<\/nav>\t\t\t\t<\/div>\n\t\t\t\t<\/div>\n\t\t\t\t\t<\/div>\n\t\t<\/div>\n\t\t\t\t\t<\/div>\n\t\t<\/section>\n\t\t\t\t<section class=\"elementor-section elementor-top-section elementor-element elementor-element-535b302c elementor-section-boxed elementor-section-height-default elementor-section-height-default\" data-id=\"535b302c\" data-element_type=\"section\" data-e-type=\"section\">\n\t\t\t\t\t\t<div class=\"elementor-container elementor-column-gap-default\">\n\t\t\t\t\t<div class=\"elementor-column elementor-col-66 elementor-top-column elementor-element elementor-element-7af8513e\" data-id=\"7af8513e\" data-element_type=\"column\" data-e-type=\"column\">\n\t\t\t<div class=\"elementor-widget-wrap elementor-element-populated\">\n\t\t\t\t\t\t<div class=\"elementor-element elementor-element-ccf3947 elementor-widget elementor-widget-heading\" data-id=\"ccf3947\" data-element_type=\"widget\" data-e-type=\"widget\" data-widget_type=\"heading.default\">\n\t\t\t\t<div class=\"elementor-widget-container\">\n\t\t\t\t\t<h1 class=\"elementor-heading-title elementor-size-default\">Informaci\u00f3n <span style=\"color: #e17a26\">y Transparencia<\/span><\/h1>\t\t\t\t<\/div>\n\t\t\t\t<\/div>\n\t\t\t\t<div class=\"elementor-element elementor-element-eb61fe8 elementor-widget elementor-widget-text-editor\" data-id=\"eb61fe8\" data-element_type=\"widget\" data-e-type=\"widget\" data-widget_type=\"text-editor.default\">\n\t\t\t\t<div class=\"elementor-widget-container\">\n\t\t\t\t\t\t\t\t\t<p><strong>Como asociaci\u00f3n de utilidad p\u00fablica queremos devolver a la sociedad una informaci\u00f3n veraz que refleje toda la labor que hacemos.<\/strong><\/p>\n\t\t\t\t\t\t\t\t<\/div>\n\t\t\t\t<\/div>\n\t\t\t\t<div class=\"elementor-element elementor-element-9386805 elementor-widget elementor-widget-text-editor\" data-id=\"9386805\" data-element_type=\"widget\" data-e-type=\"widget\" data-widget_type=\"text-editor.default\">\n\t\t\t\t<div class=\"elementor-widget-container\">\n\t\t\t\t\t\t\t\t\t<p>Desde la entidad en beneficio de los ni\u00f1os y adolescentes con c\u00e1ncer y sus familias, queremos explicar tambi\u00e9n toda la gesti\u00f3n econ\u00f3mica que hacemos con los fondos obtenidos tanto de administraciones p\u00fablicas, entidades y empresas como de la sociedad que nos apoya d\u00eda a d\u00eda d\u00eda, trabajando con profesionalidad, rigor y coherencia.<\/p>\n<p><strong>La AFANOC<\/strong> sigue la \u00faltima orden publicada (ORDEN JUS\/152\/2018, de 12 diciembre, publicada en el DOGC n\u00fam. 7707 del 17.09.2018) en cuanto a las obligaciones de Transparencia de las entidades declaradas de utilidad p\u00fablica, siendo catalogada como \u201cAsociaci\u00f3n de utilidad p\u00fablica de tama\u00f1o medio que percibe fondos p\u00fablicos\u201d (C.2) con sus pertinentes obligaciones como tal.<\/p>\n<p>\u00daltima actualizaci\u00f3n septiembre de 2020 Desde la entidad en beneficio de los ni\u00f1os y adolescentes con c\u00e1ncer y sus familias. Queremos explicar tambi\u00e9n toda la gesti\u00f3n econ\u00f3mica que hacemos con los fondos obtenidos tanto de administraciones p\u00fablicas, entidades y empresas como de la sociedad que nos apoya d\u00eda a d\u00eda, trabajando con profesionalidad, rigor y coherencia.<\/p>\n<p>\u00daltima actualizaci\u00f3n, junio de 2024.<\/p>\n\t\t\t\t\t\t\t\t<\/div>\n\t\t\t\t<\/div>\n\t\t\t\t\t<\/div>\n\t\t<\/div>\n\t\t\t\t<div class=\"elementor-column elementor-col-33 elementor-top-column elementor-element elementor-element-662c56ca\" data-id=\"662c56ca\" data-element_type=\"column\" data-e-type=\"column\">\n\t\t\t<div class=\"elementor-widget-wrap elementor-element-populated\">\n\t\t\t\t\t\t<div class=\"elementor-element elementor-element-4aba3745 elementor-widget elementor-widget-image\" data-id=\"4aba3745\" data-element_type=\"widget\" data-e-type=\"widget\" data-widget_type=\"image.default\">\n\t\t\t\t<div class=\"elementor-widget-container\">\n\t\t\t\t\t\t\t\t\t\t\t\t\t\t\t<img decoding=\"async\" width=\"215\" height=\"215\" src=\"https:\/\/www.staging.afanoc.org\/wp-content\/uploads\/2022\/02\/la-casa-dels-xuklis.png\" class=\"attachment-large size-large wp-image-32009\" alt=\"\" srcset=\"https:\/\/www.staging.afanoc.org\/wp-content\/uploads\/2022\/02\/la-casa-dels-xuklis.png 215w, https:\/\/www.staging.afanoc.org\/wp-content\/uploads\/2022\/02\/la-casa-dels-xuklis-150x150.png 150w, https:\/\/www.staging.afanoc.org\/wp-content\/uploads\/2022\/02\/la-casa-dels-xuklis-100x100.png 100w\" sizes=\"(max-width: 215px) 100vw, 215px\" \/>\t\t\t\t\t\t\t\t\t\t\t\t\t\t\t<\/div>\n\t\t\t\t<\/div>\n\t\t\t\t<div class=\"elementor-element elementor-element-6f84470a elementor-align-center elementor-widget elementor-widget-button\" data-id=\"6f84470a\" data-element_type=\"widget\" data-e-type=\"widget\" data-widget_type=\"button.default\">\n\t\t\t\t<div class=\"elementor-widget-container\">\n\t\t\t\t\t\t\t\t\t<div class=\"elementor-button-wrapper\">\n\t\t\t\t\t<a class=\"elementor-button elementor-button-link elementor-size-sm\" href=\"https:\/\/www.staging.afanoc.org\/es\/que-es-afanoc\/marco-legal\/\">\n\t\t\t\t\t\t<span class=\"elementor-button-content-wrapper\">\n\t\t\t\t\t\t\t\t\t<span class=\"elementor-button-text\">MARCO LEGAL<\/span>\n\t\t\t\t\t<\/span>\n\t\t\t\t\t<\/a>\n\t\t\t\t<\/div>\n\t\t\t\t\t\t\t\t<\/div>\n\t\t\t\t<\/div>\n\t\t\t\t<div class=\"elementor-element elementor-element-22c28d1 elementor-widget elementor-widget-text-editor\" data-id=\"22c28d1\" data-element_type=\"widget\" data-e-type=\"widget\" data-widget_type=\"text-editor.default\">\n\t\t\t\t<div class=\"elementor-widget-container\">\n\t\t\t\t\t\t\t\t\t<p>Resp. \u00c1rea de Marqueting y Comunicaci\u00f3n:<br \/><strong>Anna Rom\u00e1n<\/strong><\/p><p>Resp. Portal de Transparencia:<br \/><strong>Lali Acu\u00f1a<\/strong><\/p>\t\t\t\t\t\t\t\t<\/div>\n\t\t\t\t<\/div>\n\t\t\t\t\t<\/div>\n\t\t<\/div>\n\t\t\t\t\t<\/div>\n\t\t<\/section>\n\t\t\t\t<section class=\"elementor-section elementor-top-section elementor-element elementor-element-4ebb7224 elementor-section-boxed elementor-section-height-default elementor-section-height-default\" data-id=\"4ebb7224\" data-element_type=\"section\" data-e-type=\"section\" data-settings=\"{&quot;background_background&quot;:&quot;classic&quot;}\">\n\t\t\t\t\t\t<div class=\"elementor-container elementor-column-gap-default\">\n\t\t\t\t\t<div class=\"elementor-column elementor-col-33 elementor-top-column elementor-element elementor-element-7a33a26c\" data-id=\"7a33a26c\" data-element_type=\"column\" data-e-type=\"column\" data-settings=\"{&quot;background_background&quot;:&quot;classic&quot;}\">\n\t\t\t<div class=\"elementor-widget-wrap elementor-element-populated\">\n\t\t\t\t\t\t<div class=\"elementor-element elementor-element-16f418e5 elementor-widget elementor-widget-heading\" data-id=\"16f418e5\" data-element_type=\"widget\" data-e-type=\"widget\" data-widget_type=\"heading.default\">\n\t\t\t\t<div class=\"elementor-widget-container\">\n\t\t\t\t\t<h2 class=\"elementor-heading-title elementor-size-default\">Asociaci\u00f3n<\/h2>\t\t\t\t<\/div>\n\t\t\t\t<\/div>\n\t\t\t\t<div class=\"elementor-element elementor-element-77b7ae74 elementor-widget elementor-widget-text-editor\" data-id=\"77b7ae74\" data-element_type=\"widget\" data-e-type=\"widget\" data-widget_type=\"text-editor.default\">\n\t\t\t\t<div class=\"elementor-widget-container\">\n\t\t\t\t\t\t\t\t\t<div>\n<ul>\n<li style=\"text-align: left;\"><a href=\"https:\/\/www.staging.afanoc.org\/es\/que-es-afanoc\/\">Qu\u00e9 es la AFANOC<\/a><\/li>\n<li style=\"text-align: left;\"><a href=\"https:\/\/www.staging.afanoc.org\/es\/que-es-afanoc\/historia\/\">Historia<\/a><\/li>\n<li style=\"text-align: left;\"><a href=\"https:\/\/www.staging.afanoc.org\/es\/que-es-afanoc\/estatutos-y-constitucion\/\">Estatutos y constituci\u00f3n<\/a><\/li>\n<li style=\"text-align: left;\"><a href=\"https:\/\/www.staging.afanoc.org\/wp-content\/uploads\/Declaracion-Utilidad-Publica.pdf\">Declaraci\u00f3n de Utilidad P\u00fablica<\/a><\/li>\n<li><a href=\"https:\/\/www.staging.afanoc.org\/es\/que-es-afanoc\/marco-legal\/\">Marco Legal<\/a><\/li>\n<li><a href=\"https:\/\/www.staging.afanoc.org\/es\/junta-directiva\/\">Junta Directiva<\/a><\/li>\n<li><a href=\"https:\/\/www.staging.afanoc.org\/es\/equipo-tecnico\/\">Equipo T\u00e9cnico<\/a><\/li>\n<li><a href=\"https:\/\/www.staging.afanoc.org\/es\/reconocimientos\/\">Reconocimientos<\/a><\/li>\n<li><a href=\"https:\/\/www.staging.afanoc.org\/es\/formamos-parte-de\/\">Formamos parte de (federaciones y redes)<\/a><\/li>\n<li><a href=\"https:\/\/www.staging.afanoc.org\/es\/convenios\/\">Convenios<\/a><\/li>\n<li><a href=\"https:\/\/www.staging.afanoc.org\/es\/memorias\/\">Memoria<\/a><\/li>\n<li><a href=\"https:\/\/www.staging.afanoc.org\/wp-content\/uploads\/Resolucio-inscripcio.pdf\">Inscripci\u00f3n como grupo de inter\u00e9s<\/a><\/li>\n<li><a href=\"https:\/\/www.staging.afanoc.org\/wp-content\/uploads\/codi-etic-AFANOC.pdf-versio1.pdf\">C\u00f3digo \u00c9tico<\/a><\/li>\n<li><a href=\"https:\/\/www.staging.afanoc.org\/wp-content\/uploads\/PROTOCOL-ASSETJAMENT-PUBLIC-FINAL-1.pdf\">Protocolo contra el Acoso Sexual<\/a><\/li>\n<\/ul>\n<\/div>\n\t\t\t\t\t\t\t\t<\/div>\n\t\t\t\t<\/div>\n\t\t\t\t\t<\/div>\n\t\t<\/div>\n\t\t\t\t<div class=\"elementor-column elementor-col-33 elementor-top-column elementor-element elementor-element-338594b\" data-id=\"338594b\" data-element_type=\"column\" data-e-type=\"column\">\n\t\t\t<div class=\"elementor-widget-wrap elementor-element-populated\">\n\t\t\t\t\t\t<div class=\"elementor-element elementor-element-b0e1290 elementor-widget elementor-widget-heading\" data-id=\"b0e1290\" data-element_type=\"widget\" data-e-type=\"widget\" data-widget_type=\"heading.default\">\n\t\t\t\t<div class=\"elementor-widget-container\">\n\t\t\t\t\t<h2 class=\"elementor-heading-title elementor-size-default\">Organo de gesti\u00f3n<\/h2>\t\t\t\t<\/div>\n\t\t\t\t<\/div>\n\t\t\t\t<div class=\"elementor-element elementor-element-bc3ab66 elementor-widget elementor-widget-text-editor\" data-id=\"bc3ab66\" data-element_type=\"widget\" data-e-type=\"widget\" data-widget_type=\"text-editor.default\">\n\t\t\t\t<div class=\"elementor-widget-container\">\n\t\t\t\t\t\t\t\t\t<div class=\"fusion-text fusion-text-7 no-justify\">\n<ul>\n<li><a href=\"https:\/\/www.staging.afanoc.org\/es\/junta-directiva\/\">Organigrama directivo<\/a><\/li>\n<li><a href=\"https:\/\/www.staging.afanoc.org\/es\/junta-directiva\/\">Organigrama de equipo t\u00e9cnico<\/a><\/li>\n<\/ul>\n<\/div>\n\t\t\t\t\t\t\t\t<\/div>\n\t\t\t\t<\/div>\n\t\t\t\t\t<\/div>\n\t\t<\/div>\n\t\t\t\t<div class=\"elementor-column elementor-col-33 elementor-top-column elementor-element elementor-element-df6b54d\" data-id=\"df6b54d\" data-element_type=\"column\" data-e-type=\"column\">\n\t\t\t<div class=\"elementor-widget-wrap elementor-element-populated\">\n\t\t\t\t\t\t<div class=\"elementor-element elementor-element-5192790 elementor-widget elementor-widget-heading\" data-id=\"5192790\" data-element_type=\"widget\" data-e-type=\"widget\" data-widget_type=\"heading.default\">\n\t\t\t\t<div class=\"elementor-widget-container\">\n\t\t\t\t\t<h2 class=\"elementor-heading-title elementor-size-default\">Datos cuantitativos y econ\u00f3micos<\/h2>\t\t\t\t<\/div>\n\t\t\t\t<\/div>\n\t\t\t\t<div class=\"elementor-element elementor-element-8ee0192 elementor-widget elementor-widget-text-editor\" data-id=\"8ee0192\" data-element_type=\"widget\" data-e-type=\"widget\" data-widget_type=\"text-editor.default\">\n\t\t\t\t<div class=\"elementor-widget-container\">\n\t\t\t\t\t\t\t\t\t<div class=\"fusion-text fusion-text-7 no-justify\">\n<ul>\n<li><a href=\"https:\/\/www.staging.afanoc.org\/es\/datos-cuantitativos-y-economicos\/\">Cuentas anuales<\/a><\/li>\n<li><a href=\"https:\/\/www.staging.afanoc.org\/es\/datos-cuantitativos-y-economicos\/\">Presupuesto anual<\/a><\/li>\n<li><a href=\"https:\/\/www.staging.afanoc.org\/es\/datos-cuantitativos-y-economicos\/\">Publicaci\u00f3n ayudas y subvenciones<\/a><\/li>\n<li><a href=\"https:\/\/www.staging.afanoc.org\/es\/datos-cuantitativos-y-economicos\/\">Otros datos econ\u00f3micos: Inventario patrimonio, Contratos con Administraci\u00f3n P\u00fablica, Obligaciones con Hacienda y Seguridad Social<\/a><\/li>\n<\/ul>\n<\/div>\n\t\t\t\t\t\t\t\t<\/div>\n\t\t\t\t<\/div>\n\t\t\t\t\t<\/div>\n\t\t<\/div>\n\t\t\t\t\t<\/div>\n\t\t<\/section>\n\t\t\t\t<section class=\"elementor-section elementor-top-section elementor-element elementor-element-4fe14ea elementor-section-boxed elementor-section-height-default elementor-section-height-default\" data-id=\"4fe14ea\" data-element_type=\"section\" data-e-type=\"section\" data-settings=\"{&quot;background_background&quot;:&quot;classic&quot;}\">\n\t\t\t\t\t\t<div class=\"elementor-container elementor-column-gap-default\">\n\t\t\t\t\t<div class=\"elementor-column elementor-col-33 elementor-top-column elementor-element elementor-element-89c9392\" data-id=\"89c9392\" data-element_type=\"column\" data-e-type=\"column\">\n\t\t\t<div class=\"elementor-widget-wrap elementor-element-populated\">\n\t\t\t\t\t\t<div class=\"elementor-element elementor-element-b076646 elementor-widget elementor-widget-heading\" data-id=\"b076646\" data-element_type=\"widget\" data-e-type=\"widget\" data-widget_type=\"heading.default\">\n\t\t\t\t<div class=\"elementor-widget-container\">\n\t\t\t\t\t<h2 class=\"elementor-heading-title elementor-size-default\">Proyectos y Actividades<\/h2>\t\t\t\t<\/div>\n\t\t\t\t<\/div>\n\t\t\t\t<div class=\"elementor-element elementor-element-927172a elementor-widget elementor-widget-text-editor\" data-id=\"927172a\" data-element_type=\"widget\" data-e-type=\"widget\" data-widget_type=\"text-editor.default\">\n\t\t\t\t<div class=\"elementor-widget-container\">\n\t\t\t\t\t\t\t\t\t<div class=\"fusion-text fusion-text-7 no-justify\">\n<ul>\n<li><a href=\"https:\/\/www.staging.afanoc.org\/es\/apoyo-psicoemocional\/\">Apoyo Psicoemocional<\/a><\/li>\n<li><a href=\"https:\/\/www.staging.afanoc.org\/es\/informacion-sensibilizacion\/\">Apoyo Educativo<\/a><\/li>\n<li><a href=\"https:\/\/www.staging.afanoc.org\/es\/atencion-social\/\">Apoyo Social<\/a><\/li>\n<li><a href=\"https:\/\/www.staging.afanoc.org\/es\/voluntariado\/\">Voluntariado<\/a><\/li>\n<li><a href=\"https:\/\/www.staging.afanoc.org\/formacio-barcelona\/\">Escuela de Formaci\u00f3n de Barcelona<\/a><\/li>\n<li><a href=\"https:\/\/www.staging.afanoc.org\/formacio-tarragona\/\">Escuela de Formaci\u00f3n de Tarragona<\/a><\/li>\n<li><a href=\"https:\/\/www.staging.afanoc.org\/formacio-lleida\/\">Escuela de Formaci\u00f3n de Lleida<\/a><\/li>\n<li><a href=\"https:\/\/www.staging.afanoc.org\/es\/la-casa-dels-xuklis\/\">La Casa de los Xuklis<\/a><\/li>\n<li><a href=\"https:\/\/www.staging.afanoc.org\/es\/posat-la-gorra\/\">\u00a1Ponte la gorra!<\/a><\/li>\n<li><a href=\"https:\/\/www.staging.afanoc.org\/es\/actividades-de-bienestar\/\">Cuidar a los cuidadores<\/a><\/li>\n<li><a href=\"https:\/\/www.staging.afanoc.org\/es\/sedes\/\">Sede en Tarragona<\/a><\/li>\n<li><a href=\"https:\/\/www.staging.afanoc.org\/es\/sedes\/\">Sede en Lleida<\/a><\/li>\n<li><a href=\"https:\/\/www.staging.afanoc.org\/es\/sedes\/\">Sede en Girona<\/a><\/li>\n<li><a href=\"https:\/\/www.staging.afanoc.org\/es\/datos-cuantitativos-y-economicos\/\">Datos cuantitativos Proyectos (beneficiarios, socios, voluntariado, profesionales, sueldos)<\/a><\/li>\n<\/ul>\n<\/div>\n\t\t\t\t\t\t\t\t<\/div>\n\t\t\t\t<\/div>\n\t\t\t\t\t<\/div>\n\t\t<\/div>\n\t\t\t\t<div class=\"elementor-column elementor-col-33 elementor-top-column elementor-element elementor-element-7add69b\" data-id=\"7add69b\" data-element_type=\"column\" data-e-type=\"column\">\n\t\t\t<div class=\"elementor-widget-wrap elementor-element-populated\">\n\t\t\t\t\t\t<div class=\"elementor-element elementor-element-912eea9 elementor-widget elementor-widget-heading\" data-id=\"912eea9\" data-element_type=\"widget\" data-e-type=\"widget\" data-widget_type=\"heading.default\">\n\t\t\t\t<div class=\"elementor-widget-container\">\n\t\t\t\t\t<h2 class=\"elementor-heading-title elementor-size-default\">Participaci\u00f3n <\/h2>\t\t\t\t<\/div>\n\t\t\t\t<\/div>\n\t\t\t\t<div class=\"elementor-element elementor-element-6fcc73c elementor-widget elementor-widget-text-editor\" data-id=\"6fcc73c\" data-element_type=\"widget\" data-e-type=\"widget\" data-widget_type=\"text-editor.default\">\n\t\t\t\t<div class=\"elementor-widget-container\">\n\t\t\t\t\t\t\t\t\t<div class=\"fusion-text fusion-text-7 no-justify\">\n<ul>\n<li><a href=\"https:\/\/www.staging.afanoc.org\/es\/hazte-socio\/\">Hazte socio<\/a><\/li>\n<li><a href=\"https:\/\/www.staging.afanoc.org\/es\/hazte-voluntario\/\">Hazte voluntario<\/a><\/li>\n<li><a href=\"https:\/\/www.staging.afanoc.org\/es\/empresa-solidaria\/\">Se empresa solidaria<\/a><\/li>\n<li><a href=\"https:\/\/www.staging.afanoc.org\/es\/implicate\/\">Implicate<\/a><\/li>\n<\/ul>\n<\/div>\n\t\t\t\t\t\t\t\t<\/div>\n\t\t\t\t<\/div>\n\t\t\t\t\t<\/div>\n\t\t<\/div>\n\t\t\t\t<div class=\"elementor-column elementor-col-33 elementor-top-column elementor-element elementor-element-05a0213\" data-id=\"05a0213\" data-element_type=\"column\" data-e-type=\"column\">\n\t\t\t<div class=\"elementor-widget-wrap elementor-element-populated\">\n\t\t\t\t\t\t<div class=\"elementor-element elementor-element-71d6bb5 elementor-widget elementor-widget-heading\" data-id=\"71d6bb5\" data-element_type=\"widget\" data-e-type=\"widget\" data-widget_type=\"heading.default\">\n\t\t\t\t<div class=\"elementor-widget-container\">\n\t\t\t\t\t<h2 class=\"elementor-heading-title elementor-size-default\">Comunicaci\u00f3n<\/h2>\t\t\t\t<\/div>\n\t\t\t\t<\/div>\n\t\t\t\t<div class=\"elementor-element elementor-element-cf81589 elementor-widget elementor-widget-text-editor\" data-id=\"cf81589\" data-element_type=\"widget\" data-e-type=\"widget\" data-widget_type=\"text-editor.default\">\n\t\t\t\t<div class=\"elementor-widget-container\">\n\t\t\t\t\t\t\t\t\t<div class=\"fusion-text fusion-text-7 no-justify\">\n<ul>\n<li><a href=\"https:\/\/www.facebook.com\/AFANOC\" target=\"_blank\" rel=\"noopener noreferrer\">Facebook<\/a><\/li>\n<li><a href=\"https:\/\/www.twitter.com\/AFANOC\" target=\"_blank\" rel=\"noopener noreferrer\">Twitter<\/a><\/li>\n<li><a href=\"https:\/\/www.instagram.com\/afanoc_org\/?hl=es\" target=\"_blank\" rel=\"noopener noreferrer\">Instagram<\/a><\/li>\n<li><a href=\"https:\/\/www.flickr.com\/photos\/55169271@N03\/\" target=\"_blank\" rel=\"noopener noreferrer\">Flickr<\/a><\/li>\n<li><a href=\"https:\/\/www.youtube.com\/user\/lacasadelsxuklis\" target=\"_blank\" rel=\"noopener noreferrer\">Youtube<\/a><\/li>\n<li><a href=\"https:\/\/www.staging.afanoc.org\/es\/\" target=\"_blank\" rel=\"noopener noreferrer\">Noticias<\/a><\/li>\n<\/ul>\n<\/div>\n\t\t\t\t\t\t\t\t<\/div>\n\t\t\t\t<\/div>\n\t\t\t\t\t<\/div>\n\t\t<\/div>\n\t\t\t\t\t<\/div>\n\t\t<\/section>\n\t\t\t\t<\/div>\n\t\t","protected":false},"excerpt":{"rendered":"<p>Informaci\u00f3n y Transparencia Como asociaci\u00f3n de utilidad p\u00fablica queremos devolver a la sociedad una informaci\u00f3n veraz que refleje toda la labor que hacemos. Desde la entidad en beneficio de los ni\u00f1os y adolescentes con c\u00e1ncer y sus familias, queremos explicar tambi\u00e9n toda la gesti\u00f3n econ\u00f3mica que hacemos con los fondos obtenidos tanto de administraciones p\u00fablicas, [&hellip;]<\/p>\n","protected":false},"author":692,"featured_media":32571,"parent":0,"menu_order":0,"comment_status":"closed","ping_status":"closed","template":"elementor_header_footer","meta":{"site-sidebar-layout":"default","site-content-layout":"","ast-site-content-layout":"default","site-content-style":"default","site-sidebar-style":"default","ast-global-header-display":"","ast-banner-title-visibility":"","ast-main-header-display":"","ast-hfb-above-header-display":"","ast-hfb-below-header-display":"","ast-hfb-mobile-header-display":"","site-post-title":"","ast-breadcrumbs-content":"","ast-featured-img":"","footer-sml-layout":"","theme-transparent-header-meta":"","adv-header-id-meta":"","stick-header-meta":"","header-above-stick-meta":"","header-main-stick-meta":"","header-below-stick-meta":"","astra-migrate-meta-layouts":"set","ast-page-background-enabled":"default","ast-page-background-meta":{"desktop":{"background-color":"var(--ast-global-color-4)","background-image":"","background-repeat":"repeat","background-position":"center center","background-size":"auto","background-attachment":"scroll","background-type":"","background-media":"","overlay-type":"","overlay-color":"","overlay-opacity":"","overlay-gradient":""},"tablet":{"background-color":"","background-image":"","background-repeat":"repeat","background-position":"center center","background-size":"auto","background-attachment":"scroll","background-type":"","background-media":"","overlay-type":"","overlay-color":"","overlay-opacity":"","overlay-gradient":""},"mobile":{"background-color":"","background-image":"","background-repeat":"repeat","background-position":"center center","background-size":"auto","background-attachment":"scroll","background-type":"","background-media":"","overlay-type":"","overlay-color":"","overlay-opacity":"","overlay-gradient":""}},"ast-content-background-meta":{"desktop":{"background-color":"var(--ast-global-color-5)","background-image":"","background-repeat":"repeat","background-position":"center center","background-size":"auto","background-attachment":"scroll","background-type":"","background-media":"","overlay-type":"","overlay-color":"","overlay-opacity":"","overlay-gradient":""},"tablet":{"background-color":"var(--ast-global-color-5)","background-image":"","background-repeat":"repeat","background-position":"center center","background-size":"auto","background-attachment":"scroll","background-type":"","background-media":"","overlay-type":"","overlay-color":"","overlay-opacity":"","overlay-gradient":""},"mobile":{"background-color":"var(--ast-global-color-5)","background-image":"","background-repeat":"repeat","background-position":"center center","background-size":"auto","background-attachment":"scroll","background-type":"","background-media":"","overlay-type":"","overlay-color":"","overlay-opacity":"","overlay-gradient":""}},"footnotes":""},"class_list":["post-43096","page","type-page","status-publish","has-post-thumbnail","hentry"],"publishpress_future_workflow_manual_trigger":{"enabledWorkflows":[]},"_links":{"self":[{"href":"https:\/\/www.staging.afanoc.org\/es\/wp-json\/wp\/v2\/pages\/43096","targetHints":{"allow":["GET"]}}],"collection":[{"href":"https:\/\/www.staging.afanoc.org\/es\/wp-json\/wp\/v2\/pages"}],"about":[{"href":"https:\/\/www.staging.afanoc.org\/es\/wp-json\/wp\/v2\/types\/page"}],"author":[{"embeddable":true,"href":"https:\/\/www.staging.afanoc.org\/es\/wp-json\/wp\/v2\/users\/692"}],"replies":[{"embeddable":true,"href":"https:\/\/www.staging.afanoc.org\/es\/wp-json\/wp\/v2\/comments?post=43096"}],"version-history":[{"count":0,"href":"https:\/\/www.staging.afanoc.org\/es\/wp-json\/wp\/v2\/pages\/43096\/revisions"}],"wp:featuredmedia":[{"embeddable":true,"href":"https:\/\/www.staging.afanoc.org\/es\/wp-json\/wp\/v2\/media\/32571"}],"wp:attachment":[{"href":"https:\/\/www.staging.afanoc.org\/es\/wp-json\/wp\/v2\/media?parent=43096"}],"curies":[{"name":"wp","href":"https:\/\/api.w.org\/{rel}","templated":true}]}}